{"id":8893,"date":"2025-03-06T08:50:14","date_gmt":"2025-03-06T08:50:14","guid":{"rendered":"https:\/\/dijitalcozumunuz.com\/?page_id=8893"},"modified":"2025-03-11T14:04:46","modified_gmt":"2025-03-11T14:04:46","slug":"projelerimiz","status":"publish","type":"page","link":"https:\/\/dijitalcozumunuz.com\/ru\/projelerimiz\/","title":{"rendered":"\u041d\u0430\u0448\u0438 \u043f\u0440\u043e\u0435\u043a\u0442\u044b"},"content":{"rendered":"<div data-elementor-type=\"wp-page\" data-elementor-id=\"8893\" class=\"elementor elementor-8893\">\n\t\t\t\t\t\t<section class=\"elementor-section elementor-top-section elementor-element elementor-element-8025d54 elementor-section-boxed elementor-section-height-default elementor-section-height-default\" data-id=\"8025d54\" data-element_type=\"section\" data-settings=\"{&quot;navigation&quot;:&quot;both&quot;}\">\n\t\t\t\t\t\t<div class=\"elementor-container elementor-column-gap-no\">\n\t\t\t\t\t<div class=\"elementor-column elementor-col-100 elementor-top-column elementor-element elementor-element-b630c4e\" data-id=\"b630c4e\" data-element_type=\"column\" data-settings=\"{&quot;navigation&quot;:&quot;both&quot;}\">\n\t\t\t<div class=\"elementor-widget-wrap elementor-element-populated\">\n\t\t\t\t\t\t<div class=\"elementor-element elementor-element-284c523 elementor-widget elementor-widget-heading\" data-id=\"284c523\" data-element_type=\"widget\" data-settings=\"{&quot;navigation&quot;:&quot;both&quot;}\" data-widget_type=\"heading.default\">\n\t\t\t\t<div class=\"elementor-widget-container\">\n\t\t\t\t\t<h2 class=\"elementor-heading-title elementor-size-default\">\u041d\u0410\u0428\u0418 \u041f\u0420\u041e\u0415\u041a\u0422\u042b<\/h2>\t\t\t\t<\/div>\n\t\t\t\t<\/div>\n\t\t\t\t<div class=\"elementor-element elementor-element-18ee9d0 elementor-widget__width-auto elementor-absolute elementor-hidden-mobile elementor-hidden-laptop elementor-hidden-tablet elementor-invisible elementor-widget elementor-widget-image\" data-id=\"18ee9d0\" data-element_type=\"widget\" data-settings=\"{&quot;_position&quot;:&quot;absolute&quot;,&quot;_animation&quot;:&quot;rotateIn&quot;,&quot;navigation&quot;:&quot;both&quot;}\" data-widget_type=\"image.default\">\n\t\t\t\t<div class=\"elementor-widget-container\">\n\t\t\t\t\t\t\t\t\t\t\t\t\t\t\t<img decoding=\"async\" width=\"98\" height=\"53\" src=\"https:\/\/dijitalcozumunuz.com\/wp-content\/uploads\/2023\/02\/Design-element-our-portfolo.png\" class=\"attachment-full size-full wp-image-3483\" alt=\"\" \/>\t\t\t\t\t\t\t\t\t\t\t\t\t\t\t<\/div>\n\t\t\t\t<\/div>\n\t\t\t\t<div class=\"elementor-element elementor-element-a4ca012 elementor-widget elementor-widget-heading\" data-id=\"a4ca012\" data-element_type=\"widget\" data-settings=\"{&quot;navigation&quot;:&quot;both&quot;}\" data-widget_type=\"heading.default\">\n\t\t\t\t<div class=\"elementor-widget-container\">\n\t\t\t\t\t<h2 class=\"elementor-heading-title elementor-size-default\">\u041f\u043e\u0441\u043c\u043e\u0442\u0440\u0438\u0442\u0435 \u043d\u0430\u0448\u0443 \u0440\u0430\u0431\u043e\u0442\u0443!<\/h2>\t\t\t\t<\/div>\n\t\t\t\t<\/div>\n\t\t\t\t<div class=\"elementor-element elementor-element-25a4d73 elementor-widget-divider--view-line elementor-widget elementor-widget-divider\" data-id=\"25a4d73\" data-element_type=\"widget\" data-settings=\"{&quot;navigation&quot;:&quot;both&quot;}\" data-widget_type=\"divider.default\">\n\t\t\t\t<div class=\"elementor-widget-container\">\n\t\t\t\t\t\t\t<div class=\"elementor-divider\">\n\t\t\t<span class=\"elementor-divider-separator\">\n\t\t\t\t\t\t<\/span>\n\t\t<\/div>\n\t\t\t\t\t\t<\/div>\n\t\t\t\t<\/div>\n\t\t\t\t<div class=\"elementor-element elementor-element-af03e65 elementor-widget elementor-widget-portfolio\" data-id=\"af03e65\" data-element_type=\"widget\" data-settings=\"{&quot;navigation&quot;:&quot;both&quot;}\" data-widget_type=\"portfolio.default\">\n\t\t\t\t<div class=\"elementor-widget-container\">\n\t\t\t\t\t        <div class=\"our_portfolio_section position-relative\">\t\t\t<div class=\"row\">\t\t\t\t<div class=\"col-lg-4 col-md-4 col-sm-6 col-12\">\r\n                    <div class=\"portfolio_box position-relative\">\r\n                        <div class=\"portfolio_image_wrapper\">\r\n                            <figure class=\"mb-0\">\r\n                                <img decoding=\"async\" src=\"https:\/\/www.dijitalcozumunuz.com\/wp-content\/uploads\/2023\/05\/eksen-dental-desktop.jpg\" alt=\"\" class=\"img-fluid\">\r\n                            <\/figure>\r\n                            <div class=\"overlay bottom-overlay\">\r\n                                <div class=\"box_hover_effect\">\r\n                                    <a href=\"https:\/\/dijitalcozumunuz.com\/ru\/portfolio\/web-tasarimlarimiz\/\" target=\"_blank\">\r\n                                        <figure class=\"mb-0\">\r\n                                            <img decoding=\"async\" src=\"https:\/\/dijitalcozumunuz.com\/wp-content\/plugins\/blazin-toolkit\/assets\/images\/portfolio_box_hover.png\" alt=\"\" class=\"img-fluid\">\r\n                                        <\/figure>\r\n                                    <\/a>\r\n                                <\/div>\r\n                            <\/div>\r\n                        <\/div>\r\n                        <div class=\"portfolio_box_content\">\r\n                            <span class=\"portfolio_title\">\u041d\u0430\u0448\u0438 \u0432\u0435\u0431-\u0434\u0438\u0437\u0430\u0439\u043d\u044b<\/span>\r\n                            <p class=\"mb-0\">Projelerimiz Biz Dijital \u00c7\u00f6z\u00fcm\u00fcn\u00fcz, Antalya\u2019da&hellip;<\/p>\r\n                        <\/div>\r\n                    <\/div>\r\n\t\t\t\t<\/div>\r\n\t\t\t\t\t\t\t\t<div class=\"col-lg-4 col-md-4 col-sm-6 col-12\">\r\n                    <div class=\"portfolio_box position-relative\">\r\n                        <div class=\"portfolio_image_wrapper\">\r\n                            <figure class=\"mb-0\">\r\n                                <img decoding=\"async\" src=\"https:\/\/www.dijitalcozumunuz.com\/wp-content\/uploads\/2023\/05\/antalya-sosyal-medya-ajansi.jpg\" alt=\"\" class=\"img-fluid\">\r\n                            <\/figure>\r\n                            <div class=\"overlay bottom-overlay\">\r\n                                <div class=\"box_hover_effect\">\r\n                                    <a href=\"https:\/\/dijitalcozumunuz.com\/ru\/portfolio\/sosyal-medya-icerikleri\/\" target=\"_blank\">\r\n                                        <figure class=\"mb-0\">\r\n                                            <img decoding=\"async\" src=\"https:\/\/dijitalcozumunuz.com\/wp-content\/plugins\/blazin-toolkit\/assets\/images\/portfolio_box_hover.png\" alt=\"\" class=\"img-fluid\">\r\n                                        <\/figure>\r\n                                    <\/a>\r\n                                <\/div>\r\n                            <\/div>\r\n                        <\/div>\r\n                        <div class=\"portfolio_box_content\">\r\n                            <span class=\"portfolio_title\">\u041a\u043e\u043d\u0442\u0435\u043d\u0442 \u0441\u043e\u0446\u0438\u0430\u043b\u044c\u043d\u044b\u0445 \u0441\u0435\u0442\u0435\u0439<\/span>\r\n                            <p class=\"mb-0\">Portf\u00f6y\u00fcm\u00fcz: Sosyal Medyada Ba\u015far\u0131 Hikayelerimiz&hellip;<\/p>\r\n                        <\/div>\r\n                    <\/div>\r\n\t\t\t\t<\/div>\r\n\t\t\t\t<\/div><\/div>        \t\t\t\t<\/div>\n\t\t\t\t<\/div>\n\t\t\t\t<div class=\"elementor-element elementor-element-3fc49eb elementor-widget elementor-widget-shortcode\" data-id=\"3fc49eb\" data-element_type=\"widget\" data-settings=\"{&quot;navigation&quot;:&quot;both&quot;}\" data-widget_type=\"shortcode.default\">\n\t\t\t\t<div class=\"elementor-widget-container\">\n\t\t\t\t\t\t\t<div class=\"elementor-shortcode\">\n<div id=\"sb_instagram\"  class=\"sbi sbi_mob_col_2 sbi_tab_col_2 sbi_col_4 sbi_width_resp sbi_palette_light\" style=\"padding-bottom: 10px;\"\t data-feedid=\"*1\"  data-res=\"auto\" data-cols=\"4\" data-colsmobile=\"2\" data-colstablet=\"2\" data-num=\"20\" data-nummobile=\"6\" data-item-padding=\"5\"\t data-shortcode-atts=\"{&quot;feed&quot;:&quot;1&quot;}\"  data-postid=\"7463\" data-locatornonce=\"d932e1e170\" data-imageaspectratio=\"1:1\" data-sbi-flags=\"favorLocal\">\n\t\n\t<div id=\"sbi_images\"  style=\"gap: 10px;\">\n\t\t\t<\/div>\n\n\t<div id=\"sbi_load\" >\n\n\t\n\t\t\t<span class=\"sbi_follow_btn sbi_custom\" >\n\t\t\t<a target=\"_blank\"\n\t\t\t\trel=\"nofollow noopener\"  href=\"https:\/\/www.instagram.com\/dijitalcozumunuz\/\" style=\"background: rgb(64,139,209);\">\n\t\t\t\t<svg class=\"svg-inline--fa fa-instagram fa-w-14\" aria-hidden=\"true\" data-fa-processed=\"\" aria-label=\"\u0418\u043d\u0441\u0442\u0430\u0433\u0440\u0430\u043c\" data-prefix=\"fab\" data-icon=\"instagram\" role=\"img\" viewbox=\"0 0 448 512\">\n                    <path fill=\"currentColor\" d=\"M224.1 141c-63.6 0-114.9 51.3-114.9 114.9s51.3 114.9 114.9 114.9S339 319.5 339 255.9 287.7 141 224.1 141zm0 189.6c-41.1 0-74.7-33.5-74.7-74.7s33.5-74.7 74.7-74.7 74.7 33.5 74.7 74.7-33.6 74.7-74.7 74.7zm146.4-194.3c0 14.9-12 26.8-26.8 26.8-14.9 0-26.8-12-26.8-26.8s12-26.8 26.8-26.8 26.8 12 26.8 26.8zm76.1 27.2c-1.7-35.9-9.9-67.7-36.2-93.9-26.2-26.2-58-34.4-93.9-36.2-37-2.1-147.9-2.1-184.9 0-35.8 1.7-67.6 9.9-93.9 36.1s-34.4 58-36.2 93.9c-2.1 37-2.1 147.9 0 184.9 1.7 35.9 9.9 67.7 36.2 93.9s58 34.4 93.9 36.2c37 2.1 147.9 2.1 184.9 0 35.9-1.7 67.7-9.9 93.9-36.2 26.2-26.2 34.4-58 36.2-93.9 2.1-37 2.1-147.8 0-184.8zM398.8 388c-7.8 19.6-22.9 34.7-42.6 42.6-29.5 11.7-99.5 9-132.1 9s-102.7 2.6-132.1-9c-19.6-7.8-34.7-22.9-42.6-42.6-11.7-29.5-9-99.5-9-132.1s-2.6-102.7 9-132.1c7.8-19.6 22.9-34.7 42.6-42.6 29.5-11.7 99.5-9 132.1-9s102.7-2.6 132.1 9c19.6 7.8 34.7 22.9 42.6 42.6 11.7 29.5 9 99.5 9 132.1s2.7 102.7-9 132.1z\"><\/path>\n                <\/svg>\t\t\t\t<span>\u041f\u043e\u0434\u043f\u0438\u0441\u0430\u0442\u044c\u0441\u044f \u0432 Instagram<\/span>\n\t\t\t<\/a>\n\t\t<\/span>\n\t\n<\/div>\n\t\t<span class=\"sbi_resized_image_data\" data-feed-id=\"*1\"\n\t\t  data-resized=\"[]\">\n\t<\/span>\n\t<\/div>\n\n<\/div>\n\t\t\t\t\t\t<\/div>\n\t\t\t\t<\/div>\n\t\t\t\t\t<\/div>\n\t\t<\/div>\n\t\t\t\t\t<\/div>\n\t\t<\/section>\n\t\t\t\t<\/div>","protected":false},"excerpt":{"rendered":"<p>PROJELER\u0130M\u0130Z Yapt\u0131\u011f\u0131m\u0131z \u0130\u015flere G\u00f6zat\u0131n! Web Tasar\u0131mlar\u0131m\u0131z Projelerimiz Biz Dijital \u00c7\u00f6z\u00fcm\u00fcn\u00fcz, Antalya\u2019da&hellip; Sosyal Medya \u0130\u00e7erikleri Portf\u00f6y\u00fcm\u00fcz: Sosyal Medyada Ba\u015far\u0131 Hikayelerimiz&hellip;<\/p>","protected":false},"author":1,"featured_media":9100,"parent":0,"menu_order":0,"comment_status":"closed","ping_status":"closed","template":"elementor_header_footer","meta":{"inline_featured_image":false,"footnotes":""},"class_list":["post-8893","page","type-page","status-publish","has-post-thumbnail","hentry"],"yoast_head":"<!-- This site is optimized with the Yoast SEO Premium plugin v24.6 (Yoast SEO v25.1) - https:\/\/yoast.com\/wordpress\/plugins\/seo\/ -->\n<title>Projelerimiz - Dijital \u00c7\u00f6z\u00fcm\u00fcn\u00fcz - Antalya Sosyal Medya Ajans\u0131<\/title>\n<meta name=\"robots\" content=\"index, follow, max-snippet:-1, max-image-preview:large, max-video-preview:-1\" \/>\n<link rel=\"canonical\" href=\"https:\/\/dijitalcozumunuz.com\/ru\/projelerimiz\/\" \/>\n<meta property=\"og:locale\" content=\"ru_RU\" \/>\n<meta property=\"og:type\" content=\"article\" \/>\n<meta property=\"og:title\" content=\"Projelerimiz\" \/>\n<meta property=\"og:description\" content=\"PROJELER\u0130M\u0130Z Yapt\u0131\u011f\u0131m\u0131z \u0130\u015flere G\u00f6zat\u0131n! Web Tasar\u0131mlar\u0131m\u0131z Projelerimiz Biz Dijital \u00c7\u00f6z\u00fcm\u00fcn\u00fcz, Antalya\u2019da&hellip; Sosyal Medya \u0130\u00e7erikleri Portf\u00f6y\u00fcm\u00fcz: Sosyal Medyada Ba\u015far\u0131 Hikayelerimiz&hellip;\" \/>\n<meta property=\"og:url\" content=\"https:\/\/dijitalcozumunuz.com\/ru\/projelerimiz\/\" \/>\n<meta property=\"og:site_name\" content=\"Dijital \u00c7\u00f6z\u00fcm\u00fcn\u00fcz - Antalya Sosyal Medya Ajans\u0131\" \/>\n<meta property=\"article:modified_time\" content=\"2025-03-11T14:04:46+00:00\" \/>\n<meta property=\"og:image\" content=\"https:\/\/dijitalcozumunuz.com\/wp-content\/uploads\/2025\/03\/hakkimizda-banner2-scaled.jpg\" \/>\n\t<meta property=\"og:image:width\" content=\"2560\" \/>\n\t<meta property=\"og:image:height\" content=\"756\" \/>\n\t<meta property=\"og:image:type\" content=\"image\/jpeg\" \/>\n<meta name=\"twitter:card\" content=\"summary_large_image\" \/>\n<meta name=\"twitter:label1\" content=\"\u041f\u0440\u0438\u043c\u0435\u0440\u043d\u043e\u0435 \u0432\u0440\u0435\u043c\u044f \u0434\u043b\u044f \u0447\u0442\u0435\u043d\u0438\u044f\" \/>\n\t<meta name=\"twitter:data1\" content=\"2 \u043c\u0438\u043d\u0443\u0442\u044b\" \/>\n<script type=\"application\/ld+json\" class=\"yoast-schema-graph\">{\"@context\":\"https:\/\/schema.org\",\"@graph\":[{\"@type\":\"WebPage\",\"@id\":\"https:\/\/dijitalcozumunuz.com\/projelerimiz\/\",\"url\":\"https:\/\/dijitalcozumunuz.com\/projelerimiz\/\",\"name\":\"Projelerimiz - Dijital \u00c7\u00f6z\u00fcm\u00fcn\u00fcz - Antalya Sosyal Medya Ajans\u0131\",\"isPartOf\":{\"@id\":\"https:\/\/dijitalcozumunuz.com\/#website\"},\"primaryImageOfPage\":{\"@id\":\"https:\/\/dijitalcozumunuz.com\/projelerimiz\/#primaryimage\"},\"image\":{\"@id\":\"https:\/\/dijitalcozumunuz.com\/projelerimiz\/#primaryimage\"},\"thumbnailUrl\":\"https:\/\/dijitalcozumunuz.com\/wp-content\/uploads\/2025\/03\/hakkimizda-banner2-scaled.jpg\",\"datePublished\":\"2025-03-06T08:50:14+00:00\",\"dateModified\":\"2025-03-11T14:04:46+00:00\",\"breadcrumb\":{\"@id\":\"https:\/\/dijitalcozumunuz.com\/projelerimiz\/#breadcrumb\"},\"inLanguage\":\"ru-RU\",\"potentialAction\":[{\"@type\":\"ReadAction\",\"target\":[\"https:\/\/dijitalcozumunuz.com\/projelerimiz\/\"]}]},{\"@type\":\"ImageObject\",\"inLanguage\":\"ru-RU\",\"@id\":\"https:\/\/dijitalcozumunuz.com\/projelerimiz\/#primaryimage\",\"url\":\"https:\/\/dijitalcozumunuz.com\/wp-content\/uploads\/2025\/03\/hakkimizda-banner2-scaled.jpg\",\"contentUrl\":\"https:\/\/dijitalcozumunuz.com\/wp-content\/uploads\/2025\/03\/hakkimizda-banner2-scaled.jpg\",\"width\":2560,\"height\":756},{\"@type\":\"BreadcrumbList\",\"@id\":\"https:\/\/dijitalcozumunuz.com\/projelerimiz\/#breadcrumb\",\"itemListElement\":[{\"@type\":\"ListItem\",\"position\":1,\"name\":\"Home\",\"item\":\"https:\/\/dijitalcozumunuz.com\/\"},{\"@type\":\"ListItem\",\"position\":2,\"name\":\"Projelerimiz\"}]},{\"@type\":\"WebSite\",\"@id\":\"https:\/\/dijitalcozumunuz.com\/#website\",\"url\":\"https:\/\/dijitalcozumunuz.com\/\",\"name\":\"Dijital \u00c7\u00f6z\u00fcm\u00fcn\u00fcz - Antalya Sosyal Medya Ajans\u0131\",\"description\":\"Yeni Nesil, Dijital \u00c7\u00f6z\u00fcm\u00fcn\u00fcz\",\"publisher\":{\"@id\":\"https:\/\/dijitalcozumunuz.com\/#organization\"},\"potentialAction\":[{\"@type\":\"SearchAction\",\"target\":{\"@type\":\"EntryPoint\",\"urlTemplate\":\"https:\/\/dijitalcozumunuz.com\/?s={search_term_string}\"},\"query-input\":{\"@type\":\"PropertyValueSpecification\",\"valueRequired\":true,\"valueName\":\"search_term_string\"}}],\"inLanguage\":\"ru-RU\"},{\"@type\":\"Organization\",\"@id\":\"https:\/\/dijitalcozumunuz.com\/#organization\",\"name\":\"Dijital \u00c7\u00f6z\u00fcm\u00fcn\u00fcz - Antalya Sosyal Medya Ajans\u0131\",\"url\":\"https:\/\/dijitalcozumunuz.com\/\",\"logo\":{\"@type\":\"ImageObject\",\"inLanguage\":\"ru-RU\",\"@id\":\"https:\/\/dijitalcozumunuz.com\/#\/schema\/logo\/image\/\",\"url\":\"https:\/\/dijitalcozumunuz.com\/wp-content\/uploads\/2025\/03\/DijitalCozumunuzLogo1.png\",\"contentUrl\":\"https:\/\/dijitalcozumunuz.com\/wp-content\/uploads\/2025\/03\/DijitalCozumunuzLogo1.png\",\"width\":5000,\"height\":1350,\"caption\":\"Dijital \u00c7\u00f6z\u00fcm\u00fcn\u00fcz - Antalya Sosyal Medya Ajans\u0131\"},\"image\":{\"@id\":\"https:\/\/dijitalcozumunuz.com\/#\/schema\/logo\/image\/\"}}]}<\/script>\n<!-- \/ Yoast SEO Premium plugin. -->","yoast_head_json":{"title":"\u041d\u0430\u0448\u0438 \u043f\u0440\u043e\u0435\u043a\u0442\u044b - \u0412\u0430\u0448\u0435 \u0446\u0438\u0444\u0440\u043e\u0432\u043e\u0435 \u0440\u0435\u0448\u0435\u043d\u0438\u0435 - \u0410\u0433\u0435\u043d\u0442\u0441\u0442\u0432\u043e \u0441\u043e\u0446\u0438\u0430\u043b\u044c\u043d\u044b\u0445 \u0441\u0435\u0442\u0435\u0439 \u0410\u043d\u0442\u0430\u043b\u044c\u0438","robots":{"index":"index","follow":"follow","max-snippet":"max-snippet:-1","max-image-preview":"max-image-preview:large","max-video-preview":"max-video-preview:-1"},"canonical":"https:\/\/dijitalcozumunuz.com\/ru\/projelerimiz\/","og_locale":"ru_RU","og_type":"article","og_title":"Projelerimiz","og_description":"PROJELER\u0130M\u0130Z Yapt\u0131\u011f\u0131m\u0131z \u0130\u015flere G\u00f6zat\u0131n! Web Tasar\u0131mlar\u0131m\u0131z Projelerimiz Biz Dijital \u00c7\u00f6z\u00fcm\u00fcn\u00fcz, Antalya\u2019da&hellip; Sosyal Medya \u0130\u00e7erikleri Portf\u00f6y\u00fcm\u00fcz: Sosyal Medyada Ba\u015far\u0131 Hikayelerimiz&hellip;","og_url":"https:\/\/dijitalcozumunuz.com\/ru\/projelerimiz\/","og_site_name":"Dijital \u00c7\u00f6z\u00fcm\u00fcn\u00fcz - Antalya Sosyal Medya Ajans\u0131","article_modified_time":"2025-03-11T14:04:46+00:00","og_image":[{"width":2560,"height":756,"url":"https:\/\/dijitalcozumunuz.com\/wp-content\/uploads\/2025\/03\/hakkimizda-banner2-scaled.jpg","type":"image\/jpeg"}],"twitter_card":"summary_large_image","twitter_misc":{"\u041f\u0440\u0438\u043c\u0435\u0440\u043d\u043e\u0435 \u0432\u0440\u0435\u043c\u044f \u0434\u043b\u044f \u0447\u0442\u0435\u043d\u0438\u044f":"2 \u043c\u0438\u043d\u0443\u0442\u044b"},"schema":{"@context":"https:\/\/schema.org","@graph":[{"@type":"WebPage","@id":"https:\/\/dijitalcozumunuz.com\/projelerimiz\/","url":"https:\/\/dijitalcozumunuz.com\/projelerimiz\/","name":"\u041d\u0430\u0448\u0438 \u043f\u0440\u043e\u0435\u043a\u0442\u044b - \u0412\u0430\u0448\u0435 \u0446\u0438\u0444\u0440\u043e\u0432\u043e\u0435 \u0440\u0435\u0448\u0435\u043d\u0438\u0435 - \u0410\u0433\u0435\u043d\u0442\u0441\u0442\u0432\u043e \u0441\u043e\u0446\u0438\u0430\u043b\u044c\u043d\u044b\u0445 \u0441\u0435\u0442\u0435\u0439 \u0410\u043d\u0442\u0430\u043b\u044c\u0438","isPartOf":{"@id":"https:\/\/dijitalcozumunuz.com\/#website"},"primaryImageOfPage":{"@id":"https:\/\/dijitalcozumunuz.com\/projelerimiz\/#primaryimage"},"image":{"@id":"https:\/\/dijitalcozumunuz.com\/projelerimiz\/#primaryimage"},"thumbnailUrl":"https:\/\/dijitalcozumunuz.com\/wp-content\/uploads\/2025\/03\/hakkimizda-banner2-scaled.jpg","datePublished":"2025-03-06T08:50:14+00:00","dateModified":"2025-03-11T14:04:46+00:00","breadcrumb":{"@id":"https:\/\/dijitalcozumunuz.com\/projelerimiz\/#breadcrumb"},"inLanguage":"ru-RU","potentialAction":[{"@type":"ReadAction","target":["https:\/\/dijitalcozumunuz.com\/projelerimiz\/"]}]},{"@type":"ImageObject","inLanguage":"ru-RU","@id":"https:\/\/dijitalcozumunuz.com\/projelerimiz\/#primaryimage","url":"https:\/\/dijitalcozumunuz.com\/wp-content\/uploads\/2025\/03\/hakkimizda-banner2-scaled.jpg","contentUrl":"https:\/\/dijitalcozumunuz.com\/wp-content\/uploads\/2025\/03\/hakkimizda-banner2-scaled.jpg","width":2560,"height":756},{"@type":"BreadcrumbList","@id":"https:\/\/dijitalcozumunuz.com\/projelerimiz\/#breadcrumb","itemListElement":[{"@type":"ListItem","position":1,"name":"Home","item":"https:\/\/dijitalcozumunuz.com\/"},{"@type":"ListItem","position":2,"name":"Projelerimiz"}]},{"@type":"WebSite","@id":"https:\/\/dijitalcozumunuz.com\/#website","url":"https:\/\/dijitalcozumunuz.com\/","name":"\u0412\u0430\u0448\u0435 \u0446\u0438\u0444\u0440\u043e\u0432\u043e\u0435 \u0440\u0435\u0448\u0435\u043d\u0438\u0435 - \u0410\u0433\u0435\u043d\u0442\u0441\u0442\u0432\u043e \u0441\u043e\u0446\u0438\u0430\u043b\u044c\u043d\u044b\u0445 \u0441\u0435\u0442\u0435\u0439 \u0410\u043d\u0442\u0430\u043b\u0438\u0438","description":"Yeni Nesil, Dijital \u00c7\u00f6z\u00fcm\u00fcn\u00fcz","publisher":{"@id":"https:\/\/dijitalcozumunuz.com\/#organization"},"potentialAction":[{"@type":"SearchAction","target":{"@type":"EntryPoint","urlTemplate":"https:\/\/dijitalcozumunuz.com\/?s={search_term_string}"},"query-input":{"@type":"PropertyValueSpecification","valueRequired":true,"valueName":"search_term_string"}}],"inLanguage":"ru-RU"},{"@type":"Organization","@id":"https:\/\/dijitalcozumunuz.com\/#organization","name":"\u0412\u0430\u0448\u0435 \u0446\u0438\u0444\u0440\u043e\u0432\u043e\u0435 \u0440\u0435\u0448\u0435\u043d\u0438\u0435 - \u0410\u0433\u0435\u043d\u0442\u0441\u0442\u0432\u043e \u0441\u043e\u0446\u0438\u0430\u043b\u044c\u043d\u044b\u0445 \u0441\u0435\u0442\u0435\u0439 \u0410\u043d\u0442\u0430\u043b\u0438\u0438","url":"https:\/\/dijitalcozumunuz.com\/","logo":{"@type":"ImageObject","inLanguage":"ru-RU","@id":"https:\/\/dijitalcozumunuz.com\/#\/schema\/logo\/image\/","url":"https:\/\/dijitalcozumunuz.com\/wp-content\/uploads\/2025\/03\/DijitalCozumunuzLogo1.png","contentUrl":"https:\/\/dijitalcozumunuz.com\/wp-content\/uploads\/2025\/03\/DijitalCozumunuzLogo1.png","width":5000,"height":1350,"caption":"Dijital \u00c7\u00f6z\u00fcm\u00fcn\u00fcz - Antalya Sosyal Medya Ajans\u0131"},"image":{"@id":"https:\/\/dijitalcozumunuz.com\/#\/schema\/logo\/image\/"}}]}},"_links":{"self":[{"href":"https:\/\/dijitalcozumunuz.com\/ru\/wp-json\/wp\/v2\/pages\/8893","targetHints":{"allow":["GET"]}}],"collection":[{"href":"https:\/\/dijitalcozumunuz.com\/ru\/wp-json\/wp\/v2\/pages"}],"about":[{"href":"https:\/\/dijitalcozumunuz.com\/ru\/wp-json\/wp\/v2\/types\/page"}],"author":[{"embeddable":true,"href":"https:\/\/dijitalcozumunuz.com\/ru\/wp-json\/wp\/v2\/users\/1"}],"replies":[{"embeddable":true,"href":"https:\/\/dijitalcozumunuz.com\/ru\/wp-json\/wp\/v2\/comments?post=8893"}],"version-history":[{"count":14,"href":"https:\/\/dijitalcozumunuz.com\/ru\/wp-json\/wp\/v2\/pages\/8893\/revisions"}],"predecessor-version":[{"id":9131,"href":"https:\/\/dijitalcozumunuz.com\/ru\/wp-json\/wp\/v2\/pages\/8893\/revisions\/9131"}],"wp:featuredmedia":[{"embeddable":true,"href":"https:\/\/dijitalcozumunuz.com\/ru\/wp-json\/wp\/v2\/media\/9100"}],"wp:attachment":[{"href":"https:\/\/dijitalcozumunuz.com\/ru\/wp-json\/wp\/v2\/media?parent=8893"}],"curies":[{"name":"wp","href":"https:\/\/api.w.org\/{rel}","templated":true}]}}